{"id":6331,"date":"2021-12-18T10:22:16","date_gmt":"2021-12-18T08:22:16","guid":{"rendered":"https:\/\/www.sheep.ee\/product\/giljotiinvarav-18-koos-nooriga\/"},"modified":"2025-12-31T13:34:36","modified_gmt":"2025-12-31T11:34:36","slug":"giljotiinvarav-18-koos-nooriga","status":"publish","type":"product","link":"https:\/\/www.sheep.ee\/en\/product\/giljotiinvarav-18-koos-nooriga\/","title":{"rendered":"Giljotiinv\u00e4rav (18&#8243;) koos n\u00f6\u00f6riga"},"content":{"rendered":"","protected":false},"excerpt":{"rendered":"","protected":false},"featured_media":6355,"template":"","meta":[],"product_brand":[],"product_cat":[103],"product_tag":[],"class_list":{"0":"post-6331","1":"product","2":"type-product","3":"status-publish","4":"has-post-thumbnail","6":"product_cat-prattley-lamba-hoolduspuurid-alumiiniumaia-paneelid","8":"first","9":"onbackorder","10":"taxable","11":"shipping-taxable","12":"purchasable","13":"product-type-simple"},"supplier_id":6306,"supplier_sku":"S22600","barcode":null,"atum_controlled":true,"out_stock_date":null,"out_stock_threshold":null,"inheritable":false,"inbound_stock":0,"stock_on_hold":2,"sold_today":0,"sales_last_days":0,"reserved_stock":0,"customer_returns":0,"warehouse_damage":0,"lost_in_post":0,"other_logs":0,"out_stock_days":0,"lost_sales":0,"has_location":false,"update_date":"2026-04-06T07:39:06","atum_locations":[],"atum_stock_status":"onbackorder","restock_status":false,"low_stock_amount":"","sales_update_date":"2026-04-06T07:39:06","calc_backorders":-2,"_links":{"self":[{"href":"https:\/\/www.sheep.ee\/en\/wp-json\/wp\/v2\/product\/6331","targetHints":{"allow":["GET"]}}],"collection":[{"href":"https:\/\/www.sheep.ee\/en\/wp-json\/wp\/v2\/product"}],"about":[{"href":"https:\/\/www.sheep.ee\/en\/wp-json\/wp\/v2\/types\/product"}],"wp:featuredmedia":[{"embeddable":true,"href":"https:\/\/www.sheep.ee\/en\/wp-json\/wp\/v2\/media\/6355"}],"wp:attachment":[{"href":"https:\/\/www.sheep.ee\/en\/wp-json\/wp\/v2\/media?parent=6331"}],"wp:term":[{"taxonomy":"product_brand","embeddable":true,"href":"https:\/\/www.sheep.ee\/en\/wp-json\/wp\/v2\/product_brand?post=6331"},{"taxonomy":"product_cat","embeddable":true,"href":"https:\/\/www.sheep.ee\/en\/wp-json\/wp\/v2\/product_cat?post=6331"},{"taxonomy":"product_tag","embeddable":true,"href":"https:\/\/www.sheep.ee\/en\/wp-json\/wp\/v2\/product_tag?post=6331"}],"curies":[{"name":"wp","href":"https:\/\/api.w.org\/{rel}","templated":true}]}}