{"id":5064,"date":"2015-03-25T13:58:15","date_gmt":"2015-03-25T11:58:15","guid":{"rendered":"http:\/\/www.sheep.ee\/?post_type=product&#038;p=5064"},"modified":"2025-12-31T13:34:15","modified_gmt":"2025-12-31T11:34:15","slug":"mp800-kaaluandurid","status":"publish","type":"product","link":"https:\/\/www.sheep.ee\/en\/product\/mp800-kaaluandurid\/","title":{"rendered":"MP800 Kaaluandurid"},"content":{"rendered":"<p>M\u00f5eldud kasutamiseks mitmesugustes seadmetes, sealhulgas platvormidel, kaalupuurides v\u00f5i v\u00e4ikeloomade puurides.<\/p>\n<p class=\"p7w\" align=\"left\">\u00a0Andurid on portatiivsed ja neid saab kergesti kasutada erinevates kaalumiskohtades. MP andurid on saadaval kolmes pikkuses: 600; 800 ja 1010 mm.<\/p>\n<p class=\"p7w\" align=\"left\">MP800\u00a0 andureid kasutatakse nii lammaste kui veiste kaalu platvormidel ning kaalupuuridel. Lubatav koormus kuni 3000kg.<\/p>\n<ul>\n<li>\n<div class=\"p7w\" align=\"left\">tsingitud ning kullaga passiveeritud korpus muudab andurid v\u00e4ga vastupidavaks korrosioonile<\/div>\n<\/li>\n<li>\n<div class=\"p7w\" align=\"left\">niiskusekindel<\/div>\n<\/li>\n<li>\n<div class=\"p7w\" align=\"left\">lennunduses kasutatv alumiinium on tugev ja teeb andurid ka kergeks<\/div>\n<\/li>\n<li>\n<div class=\"p7w\" align=\"left\">kasutatavad vastupidavad kaablid minimiseerivad kaablite kahjustuste v\u00f5imaluse ka rasketes tingimustes<\/div>\n<\/li>\n<li>\n<div class=\"p7w\" align=\"left\">difti augud andurite jalgades v\u00f5imaldavad andureid fikseerida p\u00f5randal ja v\u00e4listada nende libisemist kaalumisel<\/div>\n<\/li>\n<li>\n<div class=\"p7w\" align=\"left\">tugevale alusele paigutatud MP anduritele v\u00f5ib otse paigaldada kaalupuuri v\u00f5i -platvormi<\/div>\n<\/li>\n<li>\n<div class=\"p7w\" align=\"left\">andurite kummist jalad kompenseerivad p\u00f5rutusi, mida loomad p\u00f5hjustavad kaalule astudes<\/div>\n<\/li>\n<\/ul>\n","protected":false},"excerpt":{"rendered":"<p>M\u00f5eldud kasutamiseks mitmesugustes seadmetes, sealhulgas platvormidel, kaalupuurides v\u00f5i v\u00e4ikeloomade puurides. \u00a0Andurid on portatiivsed ja neid saab kergesti kasutada erinevates kaalumiskohtades. MP andurid on saadaval kolmes pikkuses: 600; 800 ja 1010 mm. MP800\u00a0 andureid kasutatakse nii lammaste kui veiste kaalu platvormidel ning kaalupuuridel. Lubatav koormus kuni 3000kg. tsingitud ning kullaga passiveeritud korpus muudab andurid v\u00e4ga vastupidavaks [&#8230;]\n","protected":false},"featured_media":6936,"template":"","meta":[],"product_brand":[],"product_cat":[148,94],"product_tag":[],"class_list":{"0":"post-5064","1":"product","2":"type-product","3":"status-publish","4":"has-post-thumbnail","6":"product_cat-kaaluandurid","7":"product_cat-kaaluandurid-vana","9":"first","10":"instock","11":"taxable","12":"shipping-taxable","13":"purchasable","14":"product-type-simple"},"supplier_id":null,"supplier_sku":"","barcode":null,"atum_controlled":true,"out_stock_date":null,"out_stock_threshold":null,"inheritable":false,"inbound_stock":0,"stock_on_hold":0,"sold_today":0,"sales_last_days":0,"reserved_stock":0,"customer_returns":0,"warehouse_damage":0,"lost_in_post":0,"other_logs":0,"out_stock_days":0,"lost_sales":0,"has_location":false,"update_date":"2026-04-15T07:45:24","atum_locations":[],"atum_stock_status":"instock","restock_status":false,"low_stock_amount":"","sales_update_date":"2026-04-15T07:45:24","calc_backorders":0,"_links":{"self":[{"href":"https:\/\/www.sheep.ee\/en\/wp-json\/wp\/v2\/product\/5064","targetHints":{"allow":["GET"]}}],"collection":[{"href":"https:\/\/www.sheep.ee\/en\/wp-json\/wp\/v2\/product"}],"about":[{"href":"https:\/\/www.sheep.ee\/en\/wp-json\/wp\/v2\/types\/product"}],"wp:featuredmedia":[{"embeddable":true,"href":"https:\/\/www.sheep.ee\/en\/wp-json\/wp\/v2\/media\/6936"}],"wp:attachment":[{"href":"https:\/\/www.sheep.ee\/en\/wp-json\/wp\/v2\/media?parent=5064"}],"wp:term":[{"taxonomy":"product_brand","embeddable":true,"href":"https:\/\/www.sheep.ee\/en\/wp-json\/wp\/v2\/product_brand?post=5064"},{"taxonomy":"product_cat","embeddable":true,"href":"https:\/\/www.sheep.ee\/en\/wp-json\/wp\/v2\/product_cat?post=5064"},{"taxonomy":"product_tag","embeddable":true,"href":"https:\/\/www.sheep.ee\/en\/wp-json\/wp\/v2\/product_tag?post=5064"}],"curies":[{"name":"wp","href":"https:\/\/api.w.org\/{rel}","templated":true}]}}